{"id":47,"date":"2016-07-12T22:52:22","date_gmt":"2016-07-12T20:52:22","guid":{"rendered":"http:\/\/mit-c.com\/wordpress\/?page_id=47"},"modified":"2023-02-08T16:05:53","modified_gmt":"2023-02-08T15:05:53","slug":"impressum-2","status":"publish","type":"page","link":"https:\/\/www.talentview.de\/en\/impressum-2\/","title":{"rendered":"Impressum"},"content":{"rendered":"\n<h2 class=\"wp-block-heading\">Herausgeber \/ Kontakt<\/h2>\n\n\n\n<address>Humandu GmbH<br \/>\nPettenkoferallee 29<br \/>\n82402 Seeshaupt<\/address>\n\n\n\n<p>Telefon: +49(0)172 67 40 73 6<br \/> E-Mail: <a href=\"mailto:info@talentview.de\">info@talentview.de<\/a><\/p>\n\n\n\n<p>Gesch\u00e4ftsf\u00fchrer: Farid Thomas Arbabi<\/p>\n\n\n\n<p>Handelsregister: M\u00fcnchen, HRB 220097<\/p>\n\n\n\n<p>USt-IdNr.: DE301956939<\/p>\n\n\n\n<h2 class=\"wp-block-heading\">Rechtliche Hinweise<\/h2>\n\n\n\n<h3 class=\"wp-block-heading\">Haftungsausschluss<\/h3>\n\n\n\n<p>F\u00fcr die Aktualit\u00e4t, Richtigkeit und Vollst\u00e4ndigkeit der bereitgestellten Informationen auf unserer Website wird keinerlei Gew\u00e4hr \u00fcbernommen. Haftungsanspr\u00fcche, welche sich auf Sch\u00e4den materieller oder ideeller Art beziehen, die durch die Nutzung oder Nichtnutzung der dargebotenen Informationen bzw. durch die Nutzung fehlerhafter und unvollst\u00e4ndiger Informationen verursacht wurden, sind grunds\u00e4tzlich ausgeschlossen. Alle Angebote sind freibleibend und unverbindlich. Die Firma Humandu GmbH beh\u00e4lt es sich ausdr\u00fccklich vor, Teile der Seiten oder das gesamte Angebot ohne gesonderte Ank\u00fcndigung zu ver\u00e4ndern, zu erg\u00e4nzen, zu l\u00f6schen oder die Ver\u00f6ffentlichung zeitweise oder endg\u00fcltig einzustellen.<\/p>\n\n\n\n<h3 class=\"wp-block-heading\">Copyright<\/h3>\n\n\n\n<p>Alle Rechte vorbehalten. Texte, Bildmaterial und Grafiken, sowie deren Anordnung auf dieser Website unterliegen dem Copyright der Firma Humandu GmbH. Die Inhalte dieser Website, insbesondere Texte, Grafiken und Bildmaterialien, d\u00fcrfen nicht&nbsp; verbreitet, ver\u00e4ndert oder f\u00fcr kommerzielle Zwecke verwendet werden.<\/p>\n\n\n\n<h3 class=\"wp-block-heading\">Verweise und Links<\/h3>\n\n\n\n<p>Bei direkten oder indirekten Verweisen auf fremde Webseiten (\u201eHyperlinks\u201c), die au\u00dferhalb des Verantwortungsbereiches des Herausgebers liegen, w\u00fcrde eine Haftungsverpflichtung ausschlie\u00dflich in dem Fall in Kraft treten, in dem der Autor von den Inhalten Kenntnis hat und es ihm technisch m\u00f6glich und zumutbar w\u00e4re, die Nutzung im Falle rechtswidriger Inhalte zu verhindern. Die Firma Humandu GmbH erkl\u00e4rt hiermit ausdr\u00fccklich, dass zum Zeitpunkt der Linksetzung keine illegalen Inhalte auf den zu verlinkenden Seiten erkennbar waren. Auf die aktuelle und zuk\u00fcnftige Gestaltung, die Inhalte oder die Urheberschaft der verlinkten\/verkn\u00fcpften Seiten hat der Autor keinerlei Einfluss. Deshalb distanziert er sich hiermit ausdr\u00fccklich von allen Inhalten aller verlinkten\/verkn\u00fcpften Seiten, die nach der Linksetzung ver\u00e4ndert wurden. Diese Feststellung gilt f\u00fcr alle innerhalb des eigenen Internetangebotes gesetzten Links und Verweise sowie f\u00fcr Fremdeintr\u00e4ge in vom Autor eingerichteten G\u00e4steb\u00fcchern, Diskussionsforen, Linkverzeichnissen, Mailinglisten und in allen anderen Formen von Datenbanken, auf deren Inhalt externe Schreibzugriffe m\u00f6glich sind.<\/p>\n\n\n\n<h3 class=\"wp-block-heading\">Urheber- und Kennzeichenrecht<\/h3>\n\n\n\n<p>Die Firma Humandu GmbH ist bestrebt, in allen Publikationen die Urheberrechte der verwendeten Bilder, Grafiken, Tondokumente, Videosequenzen und Texte zu beachten, von ihm selbst erstellte Bilder, Grafiken, Tondokumente, Videosequenzen und Texte zu nutzen oder auf lizenzfreie Grafiken, Tondokumente, Videosequenzen und Texte zur\u00fcckzugreifen. Alle innerhalb des Internetangebotes genannten und ggf. durch Dritte gesch\u00fctzten Marken- und Warenzeichen unterliegen uneingeschr\u00e4nkt den Bestimmungen des jeweils g\u00fcltigen Kennzeichenrechts und den Besitzrechten der jeweiligen eingetragenen Eigent\u00fcmer. Allein aufgrund der blo\u00dfen Nennung ist nicht der Schluss zu ziehen, dass Markenzeichen nicht durch Rechte Dritter gesch\u00fctzt sind! Das Copyright f\u00fcr ver\u00f6ffentlichte, vom Herausgeber selbst erstellte Objekte bleibt allein beim Herausgeber der Seiten. Eine Vervielf\u00e4ltigung oder Verwendung solcher Grafiken, Tondokumente, Videosequenzen und Texte in anderen elektronischen oder gedruckten Publikationen ist ohne schriftliche Zustimmung der Firma Humandu GmbH nicht gestattet.<\/p>\n\n\n\n<h2 class=\"wp-block-heading\">Datenschutz<\/h2>\n\n\n\n<p><a href=\"\/datenschutz\/\">Folgen Sie diesem Link f\u00fcr die Erkl\u00e4rung zum Datenschutz.<\/a><\/p>\n\n\n\n<h3 class=\"wp-block-heading\">Online-Streitbeilegung<\/h3>\n\n\n\n<p>Online-Streitbeilegung gem\u00e4\u00df Art. 14 Abs. 1 ODR-VO: Die Europ\u00e4ische Kommission stellt eine Plattform zur Online-Streitbeilegung (OS) bereit, die Sie unter <a href=\"http:\/\/ec.europa.eu\/consumers\/odr\/\">http:\/\/ec.europa.eu\/consumers\/odr\/<\/a> finden. <\/p>\n\n\n\n<h3 class=\"wp-block-heading\">Rechtswirksamkeit dieses Haftungsausschlusses<\/h3>\n\n\n\n<p>Dieser Haftungsausschluss \/ Disclaimer ist als Teil des Internetangebotes zu betrachten, von dem aus auf diese Seite verwiesen wurde. Sofern Teile oder einzelne Formulierungen dieses Textes der geltenden Rechtslage nicht, nicht mehr oder nicht vollst\u00e4ndig entsprechen sollten, bleiben die \u00fcbrigen Teile des Dokumentes in ihrem Inhalt und ihrer G\u00fcltigkeit davon unber\u00fchrt.<\/p>\n","protected":false},"excerpt":{"rendered":"<p>Herausgeber \/ Kontakt Humandu GmbH Pettenkoferallee 29 82402 Seeshaupt Telefon: +49(0)172 67 40 73 6 E-Mail: info@talentview.de Gesch\u00e4ftsf\u00fchrer: Farid Thomas Arbabi Handelsregister: M\u00fcnchen, HRB 220097 USt-IdNr.: DE301956939 Rechtliche Hinweise Haftungsausschluss F\u00fcr die Aktualit\u00e4t, Richtigkeit und Vollst\u00e4ndigkeit der bereitgestellten Informationen auf<\/p>\n","protected":false},"author":3,"featured_media":0,"parent":0,"menu_order":0,"comment_status":"closed","ping_status":"closed","template":"","meta":[],"translation":{"provider":"WPGlobus","version":"2.10.10","language":"en","enabled_languages":["de","en"],"languages":{"de":{"title":true,"content":true,"excerpt":false},"en":{"title":false,"content":false,"excerpt":false}}},"yoast_head":"<!-- This site is optimized with the Yoast SEO plugin v20.8 - https:\/\/yoast.com\/wordpress\/plugins\/seo\/ -->\n<title>Impressum &ndash; Talentview<\/title>\n<meta name=\"robots\" content=\"index, follow, max-snippet:-1, max-image-preview:large, max-video-preview:-1\" \/>\n<link rel=\"canonical\" href=\"https:\/\/www.talentview.de\/impressum-2\/\" \/>\n<meta property=\"og:locale\" content=\"en_US\" \/>\n<meta property=\"og:type\" content=\"article\" \/>\n<meta property=\"og:title\" content=\"Impressum &ndash; Talentview\" \/>\n<meta property=\"og:url\" content=\"https:\/\/www.talentview.de\/impressum-2\/\" \/>\n<meta property=\"og:site_name\" content=\"Talentview\" \/>\n<meta property=\"article:modified_time\" content=\"2023-02-08T15:05:53+00:00\" \/>\n<meta name=\"twitter:card\" content=\"summary_large_image\" \/>\n<meta name=\"twitter:label1\" content=\"Est. reading time\" \/>\n\t<meta name=\"twitter:data1\" content=\"3 minutes\" \/>\n<script type=\"application\/ld+json\" class=\"yoast-schema-graph\">{\"@context\":\"https:\/\/schema.org\",\"@graph\":[{\"@type\":\"WebPage\",\"@id\":\"https:\/\/www.talentview.de\/impressum-2\/\",\"url\":\"https:\/\/www.talentview.de\/impressum-2\/\",\"name\":\"Impressum &ndash; Talentview\",\"isPartOf\":{\"@id\":\"https:\/\/www.talentview.de\/#website\"},\"datePublished\":\"2016-07-12T20:52:22+00:00\",\"dateModified\":\"2023-02-08T15:05:53+00:00\",\"breadcrumb\":{\"@id\":\"https:\/\/www.talentview.de\/impressum-2\/#breadcrumb\"},\"inLanguage\":\"en-US\",\"potentialAction\":[{\"@type\":\"ReadAction\",\"target\":[\"https:\/\/www.talentview.de\/impressum-2\/\"]}]},{\"@type\":\"BreadcrumbList\",\"@id\":\"https:\/\/www.talentview.de\/impressum-2\/#breadcrumb\",\"itemListElement\":[{\"@type\":\"ListItem\",\"position\":1,\"name\":\"Startseite\",\"item\":\"https:\/\/www.talentview.de\/\"},{\"@type\":\"ListItem\",\"position\":2,\"name\":\"Impressum\"}]},{\"@type\":\"WebSite\",\"@id\":\"https:\/\/www.talentview.de\/#website\",\"url\":\"https:\/\/www.talentview.de\/\",\"name\":\"Talentview\",\"description\":\"Potentiale Analyse, Profilanalyse, Rekrutierung, Teamentwicklung \",\"publisher\":{\"@id\":\"https:\/\/www.talentview.de\/#organization\"},\"potentialAction\":[{\"@type\":\"SearchAction\",\"target\":{\"@type\":\"EntryPoint\",\"urlTemplate\":\"https:\/\/www.talentview.de\/?s={search_term_string}\"},\"query-input\":\"required name=search_term_string\"}],\"inLanguage\":\"en-US\"},{\"@type\":\"Organization\",\"@id\":\"https:\/\/www.talentview.de\/#organization\",\"name\":\"Talentview Profiling\",\"url\":\"https:\/\/www.talentview.de\/\",\"logo\":{\"@type\":\"ImageObject\",\"inLanguage\":\"en-US\",\"@id\":\"https:\/\/www.talentview.de\/#\/schema\/logo\/image\/\",\"url\":\"\/wp-content\/uploads\/2019\/06\/Talentview_Pure@2x.png\",\"contentUrl\":\"\/wp-content\/uploads\/2019\/06\/Talentview_Pure@2x.png\",\"width\":989,\"height\":989,\"caption\":\"Talentview Profiling\"},\"image\":{\"@id\":\"https:\/\/www.talentview.de\/#\/schema\/logo\/image\/\"}}]}<\/script>\n<!-- \/ Yoast SEO plugin. -->","yoast_head_json":{"title":"Impressum &ndash; Talentview","robots":{"index":"index","follow":"follow","max-snippet":"max-snippet:-1","max-image-preview":"max-image-preview:large","max-video-preview":"max-video-preview:-1"},"canonical":"https:\/\/www.talentview.de\/impressum-2\/","og_locale":"en_US","og_type":"article","og_title":"Impressum &ndash; Talentview","og_url":"https:\/\/www.talentview.de\/impressum-2\/","og_site_name":"Talentview","article_modified_time":"2023-02-08T15:05:53+00:00","twitter_card":"summary_large_image","twitter_misc":{"Est. reading time":"3 minutes"},"schema":{"@context":"https:\/\/schema.org","@graph":[{"@type":"WebPage","@id":"https:\/\/www.talentview.de\/impressum-2\/","url":"https:\/\/www.talentview.de\/impressum-2\/","name":"Impressum &ndash; Talentview","isPartOf":{"@id":"https:\/\/www.talentview.de\/#website"},"datePublished":"2016-07-12T20:52:22+00:00","dateModified":"2023-02-08T15:05:53+00:00","breadcrumb":{"@id":"https:\/\/www.talentview.de\/impressum-2\/#breadcrumb"},"inLanguage":"en-US","potentialAction":[{"@type":"ReadAction","target":["https:\/\/www.talentview.de\/impressum-2\/"]}]},{"@type":"BreadcrumbList","@id":"https:\/\/www.talentview.de\/impressum-2\/#breadcrumb","itemListElement":[{"@type":"ListItem","position":1,"name":"Startseite","item":"https:\/\/www.talentview.de\/"},{"@type":"ListItem","position":2,"name":"Impressum"}]},{"@type":"WebSite","@id":"https:\/\/www.talentview.de\/#website","url":"https:\/\/www.talentview.de\/","name":"Talentview","description":"Potentiale Analyse, Profilanalyse, Rekrutierung, Teamentwicklung ","publisher":{"@id":"https:\/\/www.talentview.de\/#organization"},"potentialAction":[{"@type":"SearchAction","target":{"@type":"EntryPoint","urlTemplate":"https:\/\/www.talentview.de\/?s={search_term_string}"},"query-input":"required name=search_term_string"}],"inLanguage":"en-US"},{"@type":"Organization","@id":"https:\/\/www.talentview.de\/#organization","name":"Talentview Profiling","url":"https:\/\/www.talentview.de\/","logo":{"@type":"ImageObject","inLanguage":"en-US","@id":"https:\/\/www.talentview.de\/#\/schema\/logo\/image\/","url":"\/wp-content\/uploads\/2019\/06\/Talentview_Pure@2x.png","contentUrl":"\/wp-content\/uploads\/2019\/06\/Talentview_Pure@2x.png","width":989,"height":989,"caption":"Talentview Profiling"},"image":{"@id":"https:\/\/www.talentview.de\/#\/schema\/logo\/image\/"}}]}},"_links":{"self":[{"href":"https:\/\/www.talentview.de\/en\/wp-json\/wp\/v2\/pages\/47"}],"collection":[{"href":"https:\/\/www.talentview.de\/en\/wp-json\/wp\/v2\/pages"}],"about":[{"href":"https:\/\/www.talentview.de\/en\/wp-json\/wp\/v2\/types\/page"}],"author":[{"embeddable":true,"href":"https:\/\/www.talentview.de\/en\/wp-json\/wp\/v2\/users\/3"}],"replies":[{"embeddable":true,"href":"https:\/\/www.talentview.de\/en\/wp-json\/wp\/v2\/comments?post=47"}],"version-history":[{"count":13,"href":"https:\/\/www.talentview.de\/en\/wp-json\/wp\/v2\/pages\/47\/revisions"}],"predecessor-version":[{"id":1855,"href":"https:\/\/www.talentview.de\/en\/wp-json\/wp\/v2\/pages\/47\/revisions\/1855"}],"wp:attachment":[{"href":"https:\/\/www.talentview.de\/en\/wp-json\/wp\/v2\/media?parent=47"}],"curies":[{"name":"wp","href":"https:\/\/api.w.org\/{rel}","templated":true}]}}